{"id":1289,"date":"2023-10-04T18:47:25","date_gmt":"2023-10-04T17:47:25","guid":{"rendered":"https:\/\/xn--schtzengesellschaft-marktzeuln-6ed.de\/?page_id=1289"},"modified":"2023-10-04T18:47:31","modified_gmt":"2023-10-04T17:47:31","slug":"buergerschiessen-2023-2","status":"publish","type":"page","link":"https:\/\/xn--schtzengesellschaft-marktzeuln-6ed.de\/?page_id=1289","title":{"rendered":"B\u00fcrgerschie\u00dfen 2023"},"content":{"rendered":"\n<p>Die Sch\u00fctzengesellschaft bedankt sich f\u00fcr die rege Teilnahme und freut sich auf ein Wiedersehen im n\u00e4chsten Jahr! Die Ergebnisse der Mannschaftswertung ist <a href=\"https:\/\/xn--schtzengesellschaft-marktzeuln-6ed.de\/wp-content\/uploads\/2023\/10\/Buergerschiessen-2023-Auswertung-Mannschaften-Gesamt.pdf\">&gt;&gt;HIER&lt;&lt;<\/a> zu finden.<\/p>\n","protected":false},"excerpt":{"rendered":"<p>Die Sch\u00fctzengesellschaft bedankt sich f\u00fcr die rege Teilnahme und freut sich auf ein Wiedersehen im n\u00e4chsten Jahr! Die Ergebnisse der Mannschaftswertung ist &gt;&gt;HIER&lt;&lt; zu finden.<\/p>\n","protected":false},"author":1,"featured_media":0,"parent":0,"menu_order":0,"comment_status":"closed","ping_status":"closed","template":"onecolumn-page.php","meta":{"footnotes":""},"class_list":["post-1289","page","type-page","status-publish","hentry"],"_links":{"self":[{"href":"https:\/\/xn--schtzengesellschaft-marktzeuln-6ed.de\/index.php?rest_route=\/wp\/v2\/pages\/1289","targetHints":{"allow":["GET"]}}],"collection":[{"href":"https:\/\/xn--schtzengesellschaft-marktzeuln-6ed.de\/index.php?rest_route=\/wp\/v2\/pages"}],"about":[{"href":"https:\/\/xn--schtzengesellschaft-marktzeuln-6ed.de\/index.php?rest_route=\/wp\/v2\/types\/page"}],"author":[{"embeddable":true,"href":"https:\/\/xn--schtzengesellschaft-marktzeuln-6ed.de\/index.php?rest_route=\/wp\/v2\/users\/1"}],"replies":[{"embeddable":true,"href":"https:\/\/xn--schtzengesellschaft-marktzeuln-6ed.de\/index.php?rest_route=%2Fwp%2Fv2%2Fcomments&post=1289"}],"version-history":[{"count":1,"href":"https:\/\/xn--schtzengesellschaft-marktzeuln-6ed.de\/index.php?rest_route=\/wp\/v2\/pages\/1289\/revisions"}],"predecessor-version":[{"id":1291,"href":"https:\/\/xn--schtzengesellschaft-marktzeuln-6ed.de\/index.php?rest_route=\/wp\/v2\/pages\/1289\/revisions\/1291"}],"wp:attachment":[{"href":"https:\/\/xn--schtzengesellschaft-marktzeuln-6ed.de\/index.php?rest_route=%2Fwp%2Fv2%2Fmedia&parent=1289"}],"curies":[{"name":"wp","href":"https:\/\/api.w.org\/{rel}","templated":true}]}}