{"id":13,"date":"2015-03-02T12:00:45","date_gmt":"2015-03-02T12:00:45","guid":{"rendered":"http:\/\/xn--schtzengesellschaft-marktzeuln-6ed.de\/?page_id=13"},"modified":"2023-03-26T15:36:06","modified_gmt":"2023-03-26T14:36:06","slug":"impressum","status":"publish","type":"page","link":"https:\/\/xn--schtzengesellschaft-marktzeuln-6ed.de\/?page_id=13","title":{"rendered":"Impressum"},"content":{"rendered":"<h1><strong><span style=\"text-decoration: underline;\">Impressum<\/span><\/strong><\/h1>\n<p>Sch\u00fctzengesellschaft Marktzeuln 1820 e.V.<br \/>\nSch\u00fctzenstra\u00dfe 29<br \/>\n96275 Marktzeuln<br \/>\nTelefon: 09574\/1334<br \/>\nE-Mail: kontakt@sch\u00fctzengesellschaft-marktzeuln.de<br \/>\nVertretungsberechtigter 1.Vorstand\/Sch\u00fctzenmeister Petra Haderlein<\/p>\n<p>Schie\u00dftag immer Mittwoch ab 19 Uhr<\/p>\n<p>Allgemeine Datenschutzerkl\u00e4rung:<br \/>\nDurch die Nutzung unserer Website erkl\u00e4ren Sie sich mit der Erhebung, Verarbeitung und Nutzung von Daten gem\u00e4\u00df der nachfolgenden Beschreibung einverstanden. Unsere Website kann grunds\u00e4tzlich ohne Registrierung besucht werden. Dabei werden Daten wie beispielsweise aufgerufene Seiten bzw. Namen der abgerufenen Datei, Datum und Uhrzeit zu statistischen Zwecken auf dem Server gespeichert, ohne dass diese Daten unmittelbar auf Ihre Person bezogen werden. Personenbezogene Daten, insbesondere Name, Adresse oder E-Mail-Adresse werden soweit m\u00f6glich auf freiwilliger Basis erhoben. Ohne Ihre Einwilligung erfolgt keine Weitergabe der Daten an Dritte.<\/p>\n<p>Quelle: Muster-Datenschutzerkl\u00e4rung von anwalt.de<\/p>\n<p>Trotz sorgf\u00e4ltiger inhaltlicher Kontrolle \u00fcbernehmen wir keine Haftung f\u00fcr die Fehlerfreiheit und Genauigkeit der enthaltenen Informationen sowie f\u00fcr die Inhalte externer Links. F\u00fcr den Inhalt der verlinkten Seiten sind ausschlie\u00dflich deren Betreiber verantwortlich.<br \/>\nEs wurden Links zu anderen Seiten gelegt. F\u00fcr alle Links gilt, dass wir keinen Einfluss auf die Gestaltung und die Inhalte dieser Seiten haben!!!<br \/>\nDistanziert wird sich hiermit ausdr\u00fccklich von allen Inhalten aller gelinkten Seiten auf dieser Homepage und wir machen uns deren Inhalte nicht zu Eigen.<br \/>\nDiese Erkl\u00e4rung gilt f\u00fcr alle auf dieser Homepage angebrachten Links zu externen Seiten.<\/p>\n<p>Die Zusammenstellung der Informationen erfolgte mit der gebotenen Sorgfalt. Gleichwohl wird keinerlei Haftung \u00fcbernommen, aus welchem Rechtsgrund auch immer, f\u00fcr die Richtigkeit, Aktualit\u00e4t und Vollst\u00e4ndigkeit der \u00fcbermittelten Informationen. Wir behalten uns das Recht vor, die auf dieser Website angebotenen Informationen, Produkte oder Dienstleistungen ohne gesonderte Ank\u00fcndigung jederzeit zu ver\u00e4ndern oder zu aktualisieren.<\/p>\n<p>Der Download von Programmen aus dem Download-Bereich, sowie von anderen Seiten, erfolgt auf eigene Gefahr. Eine Haftung f\u00fcr Sch\u00e4den und Beeintr\u00e4chtigungen ist ausgeschlossen. Ein Anspruch auf Schadenersatz, sowie f\u00fcr Folgesch\u00e4den jeglicher Art, ist ausgeschlossen.<\/p>\n","protected":false},"excerpt":{"rendered":"<p>Impressum Sch\u00fctzengesellschaft Marktzeuln 1820 e.V. Sch\u00fctzenstra\u00dfe 29 96275 Marktzeuln Telefon: 09574\/1334 E-Mail: kontakt@sch\u00fctzengesellschaft-marktzeuln.de Vertretungsberechtigter 1.Vorstand\/Sch\u00fctzenmeister Petra Haderlein Schie\u00dftag immer Mittwoch ab 19 Uhr Allgemeine Datenschutzerkl\u00e4rung: Durch die Nutzung unserer Website erkl\u00e4ren Sie sich mit der Erhebung, Verarbeitung und Nutzung von &hellip; <a href=\"https:\/\/xn--schtzengesellschaft-marktzeuln-6ed.de\/?page_id=13\">Weiterlesen <span class=\"meta-nav\">&rarr;<\/span><\/a><\/p>\n","protected":false},"author":1,"featured_media":0,"parent":0,"menu_order":0,"comment_status":"closed","ping_status":"closed","template":"onecolumn-page.php","meta":{"footnotes":""},"class_list":["post-13","page","type-page","status-publish","hentry"],"_links":{"self":[{"href":"https:\/\/xn--schtzengesellschaft-marktzeuln-6ed.de\/index.php?rest_route=\/wp\/v2\/pages\/13","targetHints":{"allow":["GET"]}}],"collection":[{"href":"https:\/\/xn--schtzengesellschaft-marktzeuln-6ed.de\/index.php?rest_route=\/wp\/v2\/pages"}],"about":[{"href":"https:\/\/xn--schtzengesellschaft-marktzeuln-6ed.de\/index.php?rest_route=\/wp\/v2\/types\/page"}],"author":[{"embeddable":true,"href":"https:\/\/xn--schtzengesellschaft-marktzeuln-6ed.de\/index.php?rest_route=\/wp\/v2\/users\/1"}],"replies":[{"embeddable":true,"href":"https:\/\/xn--schtzengesellschaft-marktzeuln-6ed.de\/index.php?rest_route=%2Fwp%2Fv2%2Fcomments&post=13"}],"version-history":[{"count":10,"href":"https:\/\/xn--schtzengesellschaft-marktzeuln-6ed.de\/index.php?rest_route=\/wp\/v2\/pages\/13\/revisions"}],"predecessor-version":[{"id":1210,"href":"https:\/\/xn--schtzengesellschaft-marktzeuln-6ed.de\/index.php?rest_route=\/wp\/v2\/pages\/13\/revisions\/1210"}],"wp:attachment":[{"href":"https:\/\/xn--schtzengesellschaft-marktzeuln-6ed.de\/index.php?rest_route=%2Fwp%2Fv2%2Fmedia&parent=13"}],"curies":[{"name":"wp","href":"https:\/\/api.w.org\/{rel}","templated":true}]}}