{"id":1323,"date":"2024-04-24T16:56:44","date_gmt":"2024-04-24T15:56:44","guid":{"rendered":"https:\/\/xn--schtzengesellschaft-marktzeuln-6ed.de\/?page_id=1323"},"modified":"2024-07-03T18:27:47","modified_gmt":"2024-07-03T17:27:47","slug":"freischiessen-2024","status":"publish","type":"page","link":"https:\/\/xn--schtzengesellschaft-marktzeuln-6ed.de\/?page_id=1323","title":{"rendered":"Freischie\u00dfen 2024"},"content":{"rendered":"<h1><strong><span style=\"text-decoration: underline;\">Freischie\u00dfen 2024<\/span><\/strong><\/h1>\n<p>Das Schie\u00dfprogramm f\u00fcr das Preisschie\u00dfen ist <a href=\"https:\/\/xn--schtzengesellschaft-marktzeuln-6ed.de\/wp-content\/uploads\/2024\/05\/Schiessprogramm_2024.pdf\">>>HIER&lt;&lt;<\/a> zu finden.<\/p>\nDie Ergebnisse des Preisschie\u00dfens sind <a href=\"https:\/\/xn--schtzengesellschaft-marktzeuln-6ed.de\/wp-content\/uploads\/2024\/07\/Ergebnisse-Freischiessen-2024.pdf\">>>HIER<<<\/a> zu finden. Wir bedanken uns bei allen Teilnehmern recht herzlich w\u00fcnschen weiterhin &#8222;Gut Schuss&#8220;!\n<p><\/p>\n<p>Termine Preisschie\u00dfen:<\/p>\n<table>\n<colgroup>\n<col width=\"50\" \/> <\/colgroup>\n<tbody>\n<tr>\n<td>Dienstag<br \/>\nMittwoch<br \/>\nDonnerstag<br \/>\nFreitag<\/td>\n<td>04.06.24 von 18.30 &#8211; 21.30<br \/>\n05.06.24 von 18.30 &#8211; 21.30<br \/>\n06.06.24 von 18.30 &#8211; 21.30<br \/>\n07.06.24 von 18.30 &#8211; 21.30<\/td>\n<\/tr>\n<p><!-- usw. andere Zeilen der Tabelle --><\/tbody>\n<\/table>\n<p><strong><span style=\"color: #ff0000;\">Vom 27.06. \u2013 02.07.2024 findet dann das traditionelle Freischie\u00dfen statt mit Preisverteilung am Freischie\u00dfen Dienstag (02.07.24 ab 19:30)<\/span><\/strong><\/p>\n\n<p>Die Brosch\u00fcre ist <a href=\"https:\/\/xn--schtzengesellschaft-marktzeuln-6ed.de\/wp-content\/uploads\/2024\/05\/Broschuere_2024_red.pdf\">>>HIER&lt;&lt;<\/a> hier zu finden.<\/p>\n","protected":false},"excerpt":{"rendered":"<p>Freischie\u00dfen 2024 Das Schie\u00dfprogramm f\u00fcr das Preisschie\u00dfen ist >>HIER&lt;&lt; zu finden. Die Ergebnisse des Preisschie\u00dfens sind >>HIER<\/p>\n","protected":false},"author":1,"featured_media":0,"parent":0,"menu_order":0,"comment_status":"closed","ping_status":"closed","template":"onecolumn-page.php","meta":{"footnotes":""},"class_list":["post-1323","page","type-page","status-publish","hentry"],"_links":{"self":[{"href":"https:\/\/xn--schtzengesellschaft-marktzeuln-6ed.de\/index.php?rest_route=\/wp\/v2\/pages\/1323","targetHints":{"allow":["GET"]}}],"collection":[{"href":"https:\/\/xn--schtzengesellschaft-marktzeuln-6ed.de\/index.php?rest_route=\/wp\/v2\/pages"}],"about":[{"href":"https:\/\/xn--schtzengesellschaft-marktzeuln-6ed.de\/index.php?rest_route=\/wp\/v2\/types\/page"}],"author":[{"embeddable":true,"href":"https:\/\/xn--schtzengesellschaft-marktzeuln-6ed.de\/index.php?rest_route=\/wp\/v2\/users\/1"}],"replies":[{"embeddable":true,"href":"https:\/\/xn--schtzengesellschaft-marktzeuln-6ed.de\/index.php?rest_route=%2Fwp%2Fv2%2Fcomments&post=1323"}],"version-history":[{"count":10,"href":"https:\/\/xn--schtzengesellschaft-marktzeuln-6ed.de\/index.php?rest_route=\/wp\/v2\/pages\/1323\/revisions"}],"predecessor-version":[{"id":1412,"href":"https:\/\/xn--schtzengesellschaft-marktzeuln-6ed.de\/index.php?rest_route=\/wp\/v2\/pages\/1323\/revisions\/1412"}],"wp:attachment":[{"href":"https:\/\/xn--schtzengesellschaft-marktzeuln-6ed.de\/index.php?rest_route=%2Fwp%2Fv2%2Fmedia&parent=1323"}],"curies":[{"name":"wp","href":"https:\/\/api.w.org\/{rel}","templated":true}]}}