{"id":1409,"date":"2025-06-23T20:50:57","date_gmt":"2025-06-23T19:50:57","guid":{"rendered":"https:\/\/xn--schtzengesellschaft-marktzeuln-6ed.de\/?page_id=1409"},"modified":"2025-08-25T14:07:59","modified_gmt":"2025-08-25T13:07:59","slug":"freischiessen-2025","status":"publish","type":"page","link":"https:\/\/xn--schtzengesellschaft-marktzeuln-6ed.de\/?page_id=1409","title":{"rendered":"Freischie\u00dfen 2025"},"content":{"rendered":"<h1><strong><span style=\"text-decoration: underline;\">Freischie\u00dfen 2025<\/span><\/strong><\/h1>\n<p>Das Schie\u00dfprogramm f\u00fcr das Preisschie\u00dfen ist <a href=\"https:\/\/xn--schtzengesellschaft-marktzeuln-6ed.de\/wp-content\/uploads\/2025\/05\/Schiessprogramm-2025.jpg\">&gt;&gt;HIER&lt;&lt;<\/a> zu finden.<\/p>\n<p>Die Ergebnisse des Preisschie\u00dfens sind <a href=\"https:\/\/xn--schtzengesellschaft-marktzeuln-6ed.de\/wp-content\/uploads\/2025\/08\/Ergebnisse-Freischiessen-2025.pdf\">&gt;&gt;HIER&lt;&lt;<\/a> zu finden. Wir bedanken uns bei allen Teilnehmern recht herzlich w\u00fcnschen weiterhin &#8222;Gut Schuss&#8220;!<\/p>\n<p>Termine Preisschie\u00dfen:<\/p>\n<table><colgroup> <col width=\"50\" \/> <\/colgroup>\n<tbody>\n<tr>\n<td>Dienstag<br \/>Mittwoch<br \/>Donnerstag<br \/>Freitag<\/td>\n<td>03.06.25 von 18.30 &#8211; 21.30<br \/>04.06.25 von 18.30 &#8211; 21.30<br \/>05.06.25 von 18.30 &#8211; 21.30<br \/>06.06.25 von 18.30 &#8211; 21.30<\/td>\n<\/tr>\n<!-- usw. andere Zeilen der Tabelle --><\/tbody>\n<\/table>\n<p><strong><span style=\"color: #ff0000;\">Vom 26.06. \u2013 01.07.2025 findet dann das traditionelle Freischie\u00dfen statt mit Preisverteilung am Freischie\u00dfen Dienstag (01.07.25 ab 19:30)<\/span><\/strong><\/p>\n\n<p>Die Brosch\u00fcre ist <a href=\"https:\/\/xn--schtzengesellschaft-marktzeuln-6ed.de\/wp-content\/uploads\/2025\/06\/Broschuere_Zeulner-Freischiessen_Website-1.pdf\">>>HIER&lt;&lt;<\/a> hier zu finden.<\/p>\n","protected":false},"excerpt":{"rendered":"<p>Freischie\u00dfen 2025 Das Schie\u00dfprogramm f\u00fcr das Preisschie\u00dfen ist &gt;&gt;HIER&lt;&lt; zu finden. Die Ergebnisse des Preisschie\u00dfens sind &gt;&gt;HIER&lt;&lt; zu finden. Wir bedanken uns bei allen Teilnehmern recht herzlich w\u00fcnschen weiterhin &#8222;Gut Schuss&#8220;! Termine Preisschie\u00dfen: DienstagMittwochDonnerstagFreitag 03.06.25 von 18.30 &#8211; 21.3004.06.25 von &hellip; <a href=\"https:\/\/xn--schtzengesellschaft-marktzeuln-6ed.de\/?page_id=1409\">Weiterlesen <span class=\"meta-nav\">&rarr;<\/span><\/a><\/p>\n","protected":false},"author":1,"featured_media":0,"parent":0,"menu_order":0,"comment_status":"closed","ping_status":"closed","template":"onecolumn-page.php","meta":{"footnotes":""},"class_list":["post-1409","page","type-page","status-publish","hentry"],"_links":{"self":[{"href":"https:\/\/xn--schtzengesellschaft-marktzeuln-6ed.de\/index.php?rest_route=\/wp\/v2\/pages\/1409","targetHints":{"allow":["GET"]}}],"collection":[{"href":"https:\/\/xn--schtzengesellschaft-marktzeuln-6ed.de\/index.php?rest_route=\/wp\/v2\/pages"}],"about":[{"href":"https:\/\/xn--schtzengesellschaft-marktzeuln-6ed.de\/index.php?rest_route=\/wp\/v2\/types\/page"}],"author":[{"embeddable":true,"href":"https:\/\/xn--schtzengesellschaft-marktzeuln-6ed.de\/index.php?rest_route=\/wp\/v2\/users\/1"}],"replies":[{"embeddable":true,"href":"https:\/\/xn--schtzengesellschaft-marktzeuln-6ed.de\/index.php?rest_route=%2Fwp%2Fv2%2Fcomments&post=1409"}],"version-history":[{"count":8,"href":"https:\/\/xn--schtzengesellschaft-marktzeuln-6ed.de\/index.php?rest_route=\/wp\/v2\/pages\/1409\/revisions"}],"predecessor-version":[{"id":1436,"href":"https:\/\/xn--schtzengesellschaft-marktzeuln-6ed.de\/index.php?rest_route=\/wp\/v2\/pages\/1409\/revisions\/1436"}],"wp:attachment":[{"href":"https:\/\/xn--schtzengesellschaft-marktzeuln-6ed.de\/index.php?rest_route=%2Fwp%2Fv2%2Fmedia&parent=1409"}],"curies":[{"name":"wp","href":"https:\/\/api.w.org\/{rel}","templated":true}]}}