{"id":1463,"date":"2026-03-25T20:27:26","date_gmt":"2026-03-25T19:27:26","guid":{"rendered":"https:\/\/xn--schtzengesellschaft-marktzeuln-6ed.de\/?page_id=1463"},"modified":"2026-03-25T20:27:26","modified_gmt":"2026-03-25T19:27:26","slug":"vorstandschaft-2","status":"publish","type":"page","link":"https:\/\/xn--schtzengesellschaft-marktzeuln-6ed.de\/?page_id=1463","title":{"rendered":"Vorstandschaft"},"content":{"rendered":"\n<h2 class=\"wp-block-heading\"><strong>Vorstandschaft<\/strong><\/h2>\n\n\n<p>&nbsp;<\/p>\n<table class=\"tg\" style=\"undefined;table-layout: fixed; width: 750px;\"><colgroup> <col style=\"width: 200px;\" \/> <col style=\"width: 550px;\" \/> <\/colgroup>\n<tbody>\n<tr>\n<td class=\"tg-0lax\"><span style=\"color: green;\"><strong> 1.Sch\u00fctzenmeister:<\/strong><\/span><\/td>\n<td class=\"tg-0lax\"><strong>Petra Haderlein<\/strong><\/td>\n<\/tr>\n<tr>\n<td class=\"tg-0lax\"><span style=\"color: green;\"><strong> 2.Sch\u00fctzenmeister:<\/strong><\/span><\/td>\n<td class=\"tg-0lax\"><strong>Alexander Garbarek<\/strong><\/td>\n<\/tr>\n<tr>\n<td class=\"tg-0lax\"><span style=\"color: green;\"><strong>Schriftf\u00fchrer:<\/strong><\/span><\/td>\n<td class=\"tg-0lax\"><strong>Christine Przybyla<br \/>Melanie Fiedler<\/strong><\/td>\n<\/tr>\n<tr>\n<td class=\"tg-0lax\"><span style=\"color: green;\"><strong>1. Kassier:<\/strong><\/span><\/td>\n<td class=\"tg-0lax\"><strong>Henricke Palauneck<\/strong><\/td>\n<\/tr>\n<tr>\n<td class=\"tg-0lax\"><span style=\"color: green;\"><strong>2. Kassier:<\/strong><\/span><\/td>\n<td class=\"tg-0lax\"><strong>Kerstin Christ<\/strong><\/td>\n<\/tr>\n<tr>\n<td class=\"tg-0lax\"><span style=\"color: green;\"><strong>Schie\u00dfleiter:<br \/><\/strong><\/span>(Luft- u. KK-Schie\u00dfen)<\/td>\n<td class=\"tg-0lax\">\n<p><strong>Jan Wagner<\/strong><\/p>\n<p><strong>Stefan Luthardt<\/strong><\/p>\n<\/td>\n<\/tr>\n<tr>\n<td class=\"tg-0lax\"><span style=\"color: green;\"><strong>Schie\u00dfleiter:<br \/><\/strong><\/span>(VL, GK + Pistole)<\/td>\n<td class=\"tg-0lax\"><strong>Hans-Georg Rebhan<\/strong><\/td>\n<\/tr>\n<tr>\n<td class=\"tg-0lax\"><span style=\"color: green;\"><strong>Jugendleiter:<\/strong><\/span><\/td>\n<td class=\"tg-0lax\">\u00a0<\/td>\n<\/tr>\n<tr>\n<td class=\"tg-0lax\"><span style=\"color: green;\"><strong>Schie\u00dfhausverwalter:<\/strong><\/span><\/td>\n<td class=\"tg-0lax\"><strong>Frank Breuer<br \/><\/strong><\/td>\n<\/tr>\n<\/tbody>\n<\/table>\n<p>&nbsp;<\/p>","protected":false},"excerpt":{"rendered":"<p>Vorstandschaft &nbsp; 1.Sch\u00fctzenmeister: Petra Haderlein 2.Sch\u00fctzenmeister: Alexander Garbarek Schriftf\u00fchrer: Christine PrzybylaMelanie Fiedler 1. Kassier: Henricke Palauneck 2. Kassier: Kerstin Christ Schie\u00dfleiter:(Luft- u. KK-Schie\u00dfen) Jan Wagner Stefan Luthardt Schie\u00dfleiter:(VL, GK + Pistole) Hans-Georg Rebhan Jugendleiter: \u00a0 Schie\u00dfhausverwalter: Frank Breuer &nbsp;<\/p>\n","protected":false},"author":1,"featured_media":0,"parent":0,"menu_order":0,"comment_status":"closed","ping_status":"closed","template":"onecolumn-page.php","meta":{"footnotes":""},"class_list":["post-1463","page","type-page","status-publish","hentry"],"_links":{"self":[{"href":"https:\/\/xn--schtzengesellschaft-marktzeuln-6ed.de\/index.php?rest_route=\/wp\/v2\/pages\/1463","targetHints":{"allow":["GET"]}}],"collection":[{"href":"https:\/\/xn--schtzengesellschaft-marktzeuln-6ed.de\/index.php?rest_route=\/wp\/v2\/pages"}],"about":[{"href":"https:\/\/xn--schtzengesellschaft-marktzeuln-6ed.de\/index.php?rest_route=\/wp\/v2\/types\/page"}],"author":[{"embeddable":true,"href":"https:\/\/xn--schtzengesellschaft-marktzeuln-6ed.de\/index.php?rest_route=\/wp\/v2\/users\/1"}],"replies":[{"embeddable":true,"href":"https:\/\/xn--schtzengesellschaft-marktzeuln-6ed.de\/index.php?rest_route=%2Fwp%2Fv2%2Fcomments&post=1463"}],"version-history":[{"count":3,"href":"https:\/\/xn--schtzengesellschaft-marktzeuln-6ed.de\/index.php?rest_route=\/wp\/v2\/pages\/1463\/revisions"}],"predecessor-version":[{"id":1466,"href":"https:\/\/xn--schtzengesellschaft-marktzeuln-6ed.de\/index.php?rest_route=\/wp\/v2\/pages\/1463\/revisions\/1466"}],"wp:attachment":[{"href":"https:\/\/xn--schtzengesellschaft-marktzeuln-6ed.de\/index.php?rest_route=%2Fwp%2Fv2%2Fmedia&parent=1463"}],"curies":[{"name":"wp","href":"https:\/\/api.w.org\/{rel}","templated":true}]}}