{"id":37,"date":"2015-03-02T13:33:15","date_gmt":"2015-03-02T12:33:15","guid":{"rendered":"http:\/\/xn--schtzengesellschaft-marktzeuln-6ed.de\/?page_id=37"},"modified":"2025-09-21T16:39:34","modified_gmt":"2025-09-21T15:39:34","slug":"unsere-gesellschaft","status":"publish","type":"page","link":"https:\/\/xn--schtzengesellschaft-marktzeuln-6ed.de\/","title":{"rendered":"Home"},"content":{"rendered":"\n<h1 class=\"wp-block-heading has-text-align-center\"><strong>Die SG-Marktzeuln bedankt sich bei allen Teilnehmern des Vorderladerschie\u00dfens 2025! Die Ergebnisse sind <a href=\"https:\/\/xn--schtzengesellschaft-marktzeuln-6ed.de\/wp-content\/uploads\/2025\/09\/Ergebnisse-Vorderladerschiessen-2025.pdf\">>>HIER&lt;&lt;<\/a> zu finden.<\/strong><\/h1>\n\n\n\n<h1 class=\"wp-block-heading has-text-align-center\"><strong>Wir bedanken uns bei allen Besuchern und Helfern des diesj\u00e4hrigen Freischie\u00dfens recht herzlich!<\/strong><br><strong>Wir freuen uns auf ein Wiedersehen im n\u00e4chsten Jahr!<\/strong><\/h1>\n\n\n\n<h2 class=\"wp-block-heading has-text-align-center\">Die Ergebnisse des Preisschie\u00dfens sind <a href=\"https:\/\/xn--schtzengesellschaft-marktzeuln-6ed.de\/wp-content\/uploads\/2025\/08\/Ergebnisse-Freischiessen-2025.pdf\">&gt;&gt;HIER&lt;&lt;<\/a> zu finden. Wir bedanken uns bei allen Teilnehmern recht herzlich w\u00fcnschen weiterhin &#8222;Gut Schuss&#8220;!<\/h2>\n\n\n\n<p><\/p>\n","protected":false},"excerpt":{"rendered":"<p>Die SG-Marktzeuln bedankt sich bei allen Teilnehmern des Vorderladerschie\u00dfens 2025! Die Ergebnisse sind >>HIER&lt;&lt; zu finden. Wir bedanken uns bei allen Besuchern und Helfern des diesj\u00e4hrigen Freischie\u00dfens recht herzlich!Wir freuen uns auf ein Wiedersehen im n\u00e4chsten Jahr! Die Ergebnisse des &hellip; <a href=\"https:\/\/xn--schtzengesellschaft-marktzeuln-6ed.de\/\">Weiterlesen <span class=\"meta-nav\">&rarr;<\/span><\/a><\/p>\n","protected":false},"author":1,"featured_media":0,"parent":0,"menu_order":0,"comment_status":"closed","ping_status":"closed","template":"onecolumn-page.php","meta":{"footnotes":""},"class_list":["post-37","page","type-page","status-publish","hentry"],"_links":{"self":[{"href":"https:\/\/xn--schtzengesellschaft-marktzeuln-6ed.de\/index.php?rest_route=\/wp\/v2\/pages\/37","targetHints":{"allow":["GET"]}}],"collection":[{"href":"https:\/\/xn--schtzengesellschaft-marktzeuln-6ed.de\/index.php?rest_route=\/wp\/v2\/pages"}],"about":[{"href":"https:\/\/xn--schtzengesellschaft-marktzeuln-6ed.de\/index.php?rest_route=\/wp\/v2\/types\/page"}],"author":[{"embeddable":true,"href":"https:\/\/xn--schtzengesellschaft-marktzeuln-6ed.de\/index.php?rest_route=\/wp\/v2\/users\/1"}],"replies":[{"embeddable":true,"href":"https:\/\/xn--schtzengesellschaft-marktzeuln-6ed.de\/index.php?rest_route=%2Fwp%2Fv2%2Fcomments&post=37"}],"version-history":[{"count":9,"href":"https:\/\/xn--schtzengesellschaft-marktzeuln-6ed.de\/index.php?rest_route=\/wp\/v2\/pages\/37\/revisions"}],"predecessor-version":[{"id":1452,"href":"https:\/\/xn--schtzengesellschaft-marktzeuln-6ed.de\/index.php?rest_route=\/wp\/v2\/pages\/37\/revisions\/1452"}],"wp:attachment":[{"href":"https:\/\/xn--schtzengesellschaft-marktzeuln-6ed.de\/index.php?rest_route=%2Fwp%2Fv2%2Fmedia&parent=37"}],"curies":[{"name":"wp","href":"https:\/\/api.w.org\/{rel}","templated":true}]}}