{"id":425,"date":"2016-05-24T20:07:18","date_gmt":"2016-05-24T19:07:18","guid":{"rendered":"http:\/\/xn--schtzengesellschaft-marktzeuln-6ed.de\/?page_id=425"},"modified":"2016-05-24T20:07:32","modified_gmt":"2016-05-24T19:07:32","slug":"425-2","status":"publish","type":"page","link":"https:\/\/xn--schtzengesellschaft-marktzeuln-6ed.de\/?page_id=425","title":{"rendered":"Vorderladerschie\u00dfen"},"content":{"rendered":"<h1><span style=\"text-decoration: underline;\"><strong>Vorderladerschie\u00dfen<\/strong><\/span><\/h1>\n<p>F\u00fcr Informationen zum Vorderladerschie\u00dfen im jeweiligem Jahr bitte im Men\u00fc das gew\u00fcnschte Jahr ausw\u00e4hlen.<\/p>\n","protected":false},"excerpt":{"rendered":"<p>Vorderladerschie\u00dfen F\u00fcr Informationen zum Vorderladerschie\u00dfen im jeweiligem Jahr bitte im Men\u00fc das gew\u00fcnschte Jahr ausw\u00e4hlen.<\/p>\n","protected":false},"author":1,"featured_media":0,"parent":0,"menu_order":0,"comment_status":"closed","ping_status":"closed","template":"onecolumn-page.php","meta":{"footnotes":""},"class_list":["post-425","page","type-page","status-publish","hentry"],"_links":{"self":[{"href":"https:\/\/xn--schtzengesellschaft-marktzeuln-6ed.de\/index.php?rest_route=\/wp\/v2\/pages\/425","targetHints":{"allow":["GET"]}}],"collection":[{"href":"https:\/\/xn--schtzengesellschaft-marktzeuln-6ed.de\/index.php?rest_route=\/wp\/v2\/pages"}],"about":[{"href":"https:\/\/xn--schtzengesellschaft-marktzeuln-6ed.de\/index.php?rest_route=\/wp\/v2\/types\/page"}],"author":[{"embeddable":true,"href":"https:\/\/xn--schtzengesellschaft-marktzeuln-6ed.de\/index.php?rest_route=\/wp\/v2\/users\/1"}],"replies":[{"embeddable":true,"href":"https:\/\/xn--schtzengesellschaft-marktzeuln-6ed.de\/index.php?rest_route=%2Fwp%2Fv2%2Fcomments&post=425"}],"version-history":[{"count":2,"href":"https:\/\/xn--schtzengesellschaft-marktzeuln-6ed.de\/index.php?rest_route=\/wp\/v2\/pages\/425\/revisions"}],"predecessor-version":[{"id":427,"href":"https:\/\/xn--schtzengesellschaft-marktzeuln-6ed.de\/index.php?rest_route=\/wp\/v2\/pages\/425\/revisions\/427"}],"wp:attachment":[{"href":"https:\/\/xn--schtzengesellschaft-marktzeuln-6ed.de\/index.php?rest_route=%2Fwp%2Fv2%2Fmedia&parent=425"}],"curies":[{"name":"wp","href":"https:\/\/api.w.org\/{rel}","templated":true}]}}