{"id":561,"date":"2017-04-27T22:20:31","date_gmt":"2017-04-27T21:20:31","guid":{"rendered":"http:\/\/xn--schtzengesellschaft-marktzeuln-6ed.de\/?page_id=561"},"modified":"2017-04-27T22:39:44","modified_gmt":"2017-04-27T21:39:44","slug":"schiessprogramm-2017","status":"publish","type":"page","link":"https:\/\/xn--schtzengesellschaft-marktzeuln-6ed.de\/?page_id=561","title":{"rendered":"Schie\u00dfprogramm 2017"},"content":{"rendered":"<h1><strong><span style=\"text-decoration: underline;\">Schie\u00dfprogramm 2017<\/span><\/strong><\/h1>\n<p>Das Schie\u00dfprogramm f\u00fcr das Hauptschie\u00dfen gibt es <a href=\"http:\/\/xn--schtzengesellschaft-marktzeuln-6ed.de\/wp-content\/uploads\/2017\/04\/Schiessprogramm_2017.pdf\">HIER<\/a><\/p>\n","protected":false},"excerpt":{"rendered":"<p>Schie\u00dfprogramm 2017 Das Schie\u00dfprogramm f\u00fcr das Hauptschie\u00dfen gibt es HIER<\/p>\n","protected":false},"author":1,"featured_media":0,"parent":0,"menu_order":0,"comment_status":"closed","ping_status":"closed","template":"onecolumn-page.php","meta":{"footnotes":""},"class_list":["post-561","page","type-page","status-publish","hentry"],"_links":{"self":[{"href":"https:\/\/xn--schtzengesellschaft-marktzeuln-6ed.de\/index.php?rest_route=\/wp\/v2\/pages\/561","targetHints":{"allow":["GET"]}}],"collection":[{"href":"https:\/\/xn--schtzengesellschaft-marktzeuln-6ed.de\/index.php?rest_route=\/wp\/v2\/pages"}],"about":[{"href":"https:\/\/xn--schtzengesellschaft-marktzeuln-6ed.de\/index.php?rest_route=\/wp\/v2\/types\/page"}],"author":[{"embeddable":true,"href":"https:\/\/xn--schtzengesellschaft-marktzeuln-6ed.de\/index.php?rest_route=\/wp\/v2\/users\/1"}],"replies":[{"embeddable":true,"href":"https:\/\/xn--schtzengesellschaft-marktzeuln-6ed.de\/index.php?rest_route=%2Fwp%2Fv2%2Fcomments&post=561"}],"version-history":[{"count":2,"href":"https:\/\/xn--schtzengesellschaft-marktzeuln-6ed.de\/index.php?rest_route=\/wp\/v2\/pages\/561\/revisions"}],"predecessor-version":[{"id":582,"href":"https:\/\/xn--schtzengesellschaft-marktzeuln-6ed.de\/index.php?rest_route=\/wp\/v2\/pages\/561\/revisions\/582"}],"wp:attachment":[{"href":"https:\/\/xn--schtzengesellschaft-marktzeuln-6ed.de\/index.php?rest_route=%2Fwp%2Fv2%2Fmedia&parent=561"}],"curies":[{"name":"wp","href":"https:\/\/api.w.org\/{rel}","templated":true}]}}