{"id":629,"date":"2017-08-23T23:45:15","date_gmt":"2017-08-23T22:45:15","guid":{"rendered":"http:\/\/xn--schtzengesellschaft-marktzeuln-6ed.de\/?page_id=629"},"modified":"2017-09-26T08:41:52","modified_gmt":"2017-09-26T07:41:52","slug":"vorderladerschiessen-2017","status":"publish","type":"page","link":"https:\/\/xn--schtzengesellschaft-marktzeuln-6ed.de\/?page_id=629","title":{"rendered":"Vorderladerschie\u00dfen 2017"},"content":{"rendered":"<h2 style=\"text-align: center;\"><span style=\"font-size: large;\"><strong>Das Vorderlader Preisschie\u00dfen am 16. und 17. September 2017 war wieder ein voller Erfolg<\/strong><br \/>\n<\/span><span style=\"font-size: medium;\">61 Sch\u00fctzen nahmen am heurigen Preisschie\u00dfen teil<\/span><\/h2>\n<p>Nun bereits zum 32. Male haben wir Zeulner Sch\u00fctzen zum traditionellen Scheibenschie\u00dfen mit alten Vorderladergewehren eingeladen. Dabei sah man neben originalgetreuen Nachbauten auch das eine und andere \u00fcber 150 Jahre alte Originalgewehr.<\/p>\n<p>Als besondere Art des Sportschie\u00dfens erfordert das Vorderladerschie\u00dfen neben technischem Verst\u00e4ndnis vor allem K\u00f6nnen und Zeit \u2013 angefangen vom Gie\u00dfen der Kugeln bis zum Finden der richtigen Pulverladung, der damaligen Zeit entsprechend nat\u00fcrlich Schwarzpulver. Sportlicher Wettkampf und auch der sprichw\u00f6rtliche Pulverdampf reizen bei dieser Schie\u00dfsportart.<\/p>\n<p>Geschossen werden konnte neben den beiden Vorschie\u00dfterminen dann am Samstag 16. und Sonntag 17. September. 61 Sch\u00fctzen aus ganz Oberfranken nahmen wieder teil. Die mit 300 km weiteste Anreise hatten Sch\u00fctzen aus Sachsen, was von der Beliebtheit unseres Turniers zeigt. Teilgenommen haben neben den Profis auch Sch\u00fctzen die das Vorderladerschie\u00dfen einmal probieren wollten, diesen wurden die Gewehre von unseren Sch\u00fctzen professionell geladen.<\/p>\n<p>Sch\u00fctzenmeister Ulrich Haderlein konnte am Abend zur Siegerehrung und Preisverteilung ein voll besetztes Haus begr\u00fc\u00dfen, insbesonders begr\u00fc\u00dfte er Ersten B\u00fcrgermeister Gregor Friedlein-Zech. Die Bekanntgabe der Preistr\u00e4ger \u00fcbernahm Vorderlader-Schie\u00dfleiter und Organisator des Schie\u00dfens Hans-Georg Rebhan.<\/p>\n<p>F\u00fcr die Gewinner gab es Geld- und Sachprise in freier Auswahl. \u00dcber die Meistbeteiligungspr\u00e4mie in Form einer Brotzeit konnten sich die Sch\u00fctzen der historischen Gruppe der \u201cCronacher Ausschuss Companie\u201d freuen. Als beste Dame erhielt Christine Geuter aus Scheuerfeld einen Sonderpreis und ein Fass Bier ging an Manfred Bahr f\u00fcr das beste geschossene Bl\u00e4ttchen.<\/p>\n<p>Sch\u00fctzenmeister Ulrich Haderlein bedankte sich bei allen Mithelfern an dieser Veranstaltung, im Schie\u00dfstand, w\u00e4hrend der Vorbereitung des Schie\u00dfens und besonders auch bei den Sch\u00fctzendamen, die vom Mittagessen \u00fcber Brotzeit bis Kaffee und Kuchen in bekannter Weise f\u00fcr das leibliche Wohl der G\u00e4ste sorgten.<\/p>\n<p>Neben den ausgeschriebenen Wettbewerben f\u00fcr alle wurde auch wieder unter allen \u201cFunktionern\u201d der Veranstaltung eine Holz-Reproduktion der \u00e4ltesten erhaltenen Sch\u00fctzenscheibe ausgeschossen, welche von Karl-Heinz Zillig gewonnen wurde.<\/p>\n<p>Mit einem Dank f\u00fcrs Mitmachen freuen wir uns auf ein Wiedersehen im n\u00e4chsten Jahr<\/p>\n<h4><img loading=\"lazy\" decoding=\"async\" class=\"alignnone size-large wp-image-647\" src=\"http:\/\/xn--schtzengesellschaft-marktzeuln-6ed.de\/wp-content\/uploads\/2017\/09\/20170917_1753450-1024x768.jpg\" alt=\"\" width=\"640\" height=\"480\" srcset=\"https:\/\/xn--schtzengesellschaft-marktzeuln-6ed.de\/wp-content\/uploads\/2017\/09\/20170917_1753450-1024x768.jpg 1024w, https:\/\/xn--schtzengesellschaft-marktzeuln-6ed.de\/wp-content\/uploads\/2017\/09\/20170917_1753450-300x225.jpg 300w, https:\/\/xn--schtzengesellschaft-marktzeuln-6ed.de\/wp-content\/uploads\/2017\/09\/20170917_1753450-768x576.jpg 768w\" sizes=\"auto, (max-width: 640px) 100vw, 640px\" \/><strong>Das Bild zeigt die erfolgreichsten Sch\u00fctzen neben von links Erstem Sch\u00fctzenmeister Haderlein, zweiten SM Michael Pfadenhauer und rechts B\u00fcrgermeister Gregor Friedlein-Zech und den Schie\u00dfleitern Hans-Georg Rebhan und Petra Haderlein<\/strong><\/h4>\n<h3 style=\"text-align: center;\">F\u00fcr das Ladeschreiben klicken sie einfach <a href=\"http:\/\/xn--schtzengesellschaft-marktzeuln-6ed.de\/wp-content\/uploads\/2017\/08\/Ladeschreiben2017.pdf\">&gt;&gt;HIER&lt;&lt;<\/a><\/h3>\n<h3 style=\"text-align: center;\">F\u00fcr die Ergebnisse klicken sie einfach <a href=\"http:\/\/xn--schtzengesellschaft-marktzeuln-6ed.de\/wp-content\/uploads\/2017\/09\/Ergebnisse_Vorderlader_2017_neu.pdf\">&gt;&gt;HIER&lt;&lt;<\/a><\/h3>\n","protected":false},"excerpt":{"rendered":"<p>Das Vorderlader Preisschie\u00dfen am 16. und 17. September 2017 war wieder ein voller Erfolg 61 Sch\u00fctzen nahmen am heurigen Preisschie\u00dfen teil Nun bereits zum 32. Male haben wir Zeulner Sch\u00fctzen zum traditionellen Scheibenschie\u00dfen mit alten Vorderladergewehren eingeladen. Dabei sah man &hellip; <a href=\"https:\/\/xn--schtzengesellschaft-marktzeuln-6ed.de\/?page_id=629\">Weiterlesen <span class=\"meta-nav\">&rarr;<\/span><\/a><\/p>\n","protected":false},"author":1,"featured_media":0,"parent":0,"menu_order":0,"comment_status":"closed","ping_status":"closed","template":"onecolumn-page.php","meta":{"footnotes":""},"class_list":["post-629","page","type-page","status-publish","hentry"],"_links":{"self":[{"href":"https:\/\/xn--schtzengesellschaft-marktzeuln-6ed.de\/index.php?rest_route=\/wp\/v2\/pages\/629","targetHints":{"allow":["GET"]}}],"collection":[{"href":"https:\/\/xn--schtzengesellschaft-marktzeuln-6ed.de\/index.php?rest_route=\/wp\/v2\/pages"}],"about":[{"href":"https:\/\/xn--schtzengesellschaft-marktzeuln-6ed.de\/index.php?rest_route=\/wp\/v2\/types\/page"}],"author":[{"embeddable":true,"href":"https:\/\/xn--schtzengesellschaft-marktzeuln-6ed.de\/index.php?rest_route=\/wp\/v2\/users\/1"}],"replies":[{"embeddable":true,"href":"https:\/\/xn--schtzengesellschaft-marktzeuln-6ed.de\/index.php?rest_route=%2Fwp%2Fv2%2Fcomments&post=629"}],"version-history":[{"count":11,"href":"https:\/\/xn--schtzengesellschaft-marktzeuln-6ed.de\/index.php?rest_route=\/wp\/v2\/pages\/629\/revisions"}],"predecessor-version":[{"id":655,"href":"https:\/\/xn--schtzengesellschaft-marktzeuln-6ed.de\/index.php?rest_route=\/wp\/v2\/pages\/629\/revisions\/655"}],"wp:attachment":[{"href":"https:\/\/xn--schtzengesellschaft-marktzeuln-6ed.de\/index.php?rest_route=%2Fwp%2Fv2%2Fmedia&parent=629"}],"curies":[{"name":"wp","href":"https:\/\/api.w.org\/{rel}","templated":true}]}}