{"id":725,"date":"2018-05-26T18:03:27","date_gmt":"2018-05-26T17:03:27","guid":{"rendered":"http:\/\/xn--schtzengesellschaft-marktzeuln-6ed.de\/?page_id=725"},"modified":"2018-09-21T16:44:35","modified_gmt":"2018-09-21T15:44:35","slug":"vorderladerschiessen-2018","status":"publish","type":"page","link":"https:\/\/xn--schtzengesellschaft-marktzeuln-6ed.de\/?page_id=725","title":{"rendered":"Vorderladerschie\u00dfen 2018"},"content":{"rendered":"<h3 style=\"text-align: center;\"><strong>Unser Vorderlader Preisschie\u00dfen am 15. und 16. September 2018 war wieder ein voller Erfolg<\/strong><\/h3>\n<h3 style=\"text-align: center;\"><strong>61 Sch\u00fctzen nahmen am heurigen Preisschie\u00dfen teil<\/strong><\/h3>\n<div>\n<p>Nun bereits zum 33. Male haben wir Zeulner Sch\u00fctzen zum traditionellen Scheibenschie\u00dfen mit alten Vorderladergewehren eingeladen. Dabei sah man neben originalgetreuen Nachbauten auch das eine und andere \u00fcber 150 Jahre alte Originalgewehr.<\/p>\n<p>Als besondere Art des Sportschie\u00dfens erfordert das Vorderladerschie\u00dfen neben technischem Verst\u00e4ndnis vor allem K\u00f6nnen und Zeit \u2013 angefangen vom Gie\u00dfen der Kugeln bis zum Finden der richtigen Pulverladung, der damaligen Zeit entsprechend nat\u00fcrlich Schwarzpulver. Sportlicher Wettkampf und auch der sprichw\u00f6rtliche Pulverdampf reizen bei dieser Schie\u00dfsportart.<\/p>\n<p>Geschossen werden konnte neben den beiden Vorschie\u00dfterminen dann am Samstag 15. und Sonntag 16. September. 61 Sch\u00fctzen aus ganz Oberfranken nahmen wieder teil, was von der Beliebtheit unseres Turniers zeigt. Teilgenommen haben neben den Profis auch Sch\u00fctzen die das Vorderladerschie\u00dfen einmal probieren wollten, diesen wurden die Gewehre von unseren Sch\u00fctzen professionell geladen.<\/p>\n<p>Sch\u00fctzenmeister Ulrich Haderlein konnte am Abend zur Siegerehrung und Preisverteilung ein voll besetztes Haus begr\u00fc\u00dfen, insbesonders begr\u00fc\u00dfte er Ersten B\u00fcrgermeister Gregor Friedlein-Zech, Bezirksreferent Vorderlader Werner Hackenschmidt und Bezirksdamenleiterin Simone Hackenschmidt. Die Bekanntgabe der Preistr\u00e4ger \u00fcbernahm 3. Gausch\u00fctzenmeister und Vorderlader-Schie\u00dfleiter und Organisator des Schie\u00dfens Hans-Georg Rebhan.<\/p>\n<p>F\u00fcr die Gewinner gab es Geld- und Sachpreise in freier Auswahl. \u00dcber die Meistbeteiligungspr\u00e4mie in Form einer Brotzeit konnten sich die Sch\u00fctzen der historischen Gruppe der \u201cCronacher Ausschuss Companie\u201d freuen. Als beste Dame erhielt Annett Dedinski Weidhausen 88 einen Sonderpreis. Ebenfalls einen Sonderpreis f\u00fcr das beste geschossene Bl\u00e4ttchen erhielt Roland Sch\u00e4ffler Immenreuth.<\/p>\n<p>Sch\u00fctzenmeister Ulrich Haderlein bedankte sich bei allen Mithelfern an dieser Veranstaltung, im Schie\u00dfstand, w\u00e4hrend der Vorbereitung des Schie\u00dfens und besonders auch bei den Sch\u00fctzendamen, die vom Mittagessen \u00fcber Brotzeit bis Kaffee und Kuchen in bekannter Weise f\u00fcr das leibliche Wohl der G\u00e4ste sorgten. Und nat\u00fcrlich auch bei allen Spendern der vielen Sachpreise.<\/p>\n<p>Neben den ausgeschriebenen Wettbewerben f\u00fcr alle wurde auch wieder unter allen \u201cFunktionern\u201d der Veranstaltung eine Holz-Reproduktion der \u00e4ltesten erhaltenen Sch\u00fctzenscheibe ausgeschossen, welche von Arnulf Friedmann gewonnen wurde.<\/p>\n<p>Mit einem herzlichen Dank f\u00fcrs Mitmachen und Mithelfen freuen wir uns auf ein Wiedersehen im n\u00e4chsten Jahr<\/p>\n<h3 style=\"text-align: center;\">F\u00fcr die Ergebnisse des Vorderladerschie\u00dfens klicken sie einfach <a href=\"http:\/\/xn--schtzengesellschaft-marktzeuln-6ed.de\/wp-content\/uploads\/2018\/09\/Ergebnisse-VL2018-merged.pdf\">&gt;&gt;HIER&lt;&lt;<\/a><\/h3>\n<\/div>\n<div><\/div>\n<div>\n<h3><img loading=\"lazy\" decoding=\"async\" class=\"alignnone size-full wp-image-753\" src=\"http:\/\/xn--schtzengesellschaft-marktzeuln-6ed.de\/wp-content\/uploads\/2018\/09\/20180916_175559.jpg\" alt=\"\" width=\"4032\" height=\"3024\" srcset=\"https:\/\/xn--schtzengesellschaft-marktzeuln-6ed.de\/wp-content\/uploads\/2018\/09\/20180916_175559.jpg 4032w, https:\/\/xn--schtzengesellschaft-marktzeuln-6ed.de\/wp-content\/uploads\/2018\/09\/20180916_175559-300x225.jpg 300w, https:\/\/xn--schtzengesellschaft-marktzeuln-6ed.de\/wp-content\/uploads\/2018\/09\/20180916_175559-768x576.jpg 768w, https:\/\/xn--schtzengesellschaft-marktzeuln-6ed.de\/wp-content\/uploads\/2018\/09\/20180916_175559-1024x768.jpg 1024w\" sizes=\"auto, (max-width: 4032px) 100vw, 4032px\" \/><\/h3>\n<\/div>\n<div>Das Bild zeigt von links Schie\u00dfleiterin Petra Haderlein, 2.Sch\u00fctzenmeister Michael Pfadenhauer und 1.Sch\u00fctzenmeister Ulrich Haderlein, Schie\u00dfleiter und EDV Jan Wagner, Annett Dedinski, Roland Sch\u00e4ffler, Heinz Sachs, Vorderladerschie\u00dfleiter Hans-Georg Rebhan, Simone und Werner Hackenschmidt sowie B\u00fcrgermeister Gregor Friedlein-Zech.<\/div>\n<p>&nbsp;<\/p>\n<p><img loading=\"lazy\" decoding=\"async\" class=\"alignnone size-full wp-image-726 aligncenter\" src=\"http:\/\/xn--schtzengesellschaft-marktzeuln-6ed.de\/wp-content\/uploads\/2018\/05\/Brosch_re_2018_21.jpg\" alt=\"\" width=\"1748\" height=\"2480\" srcset=\"https:\/\/xn--schtzengesellschaft-marktzeuln-6ed.de\/wp-content\/uploads\/2018\/05\/Brosch_re_2018_21.jpg 1748w, https:\/\/xn--schtzengesellschaft-marktzeuln-6ed.de\/wp-content\/uploads\/2018\/05\/Brosch_re_2018_21-211x300.jpg 211w, https:\/\/xn--schtzengesellschaft-marktzeuln-6ed.de\/wp-content\/uploads\/2018\/05\/Brosch_re_2018_21-768x1090.jpg 768w, https:\/\/xn--schtzengesellschaft-marktzeuln-6ed.de\/wp-content\/uploads\/2018\/05\/Brosch_re_2018_21-722x1024.jpg 722w\" sizes=\"auto, (max-width: 1748px) 100vw, 1748px\" \/><\/p>\n<h3 style=\"text-align: center;\">F\u00fcr das Ladeschreiben klicken sie einfach <a href=\"http:\/\/xn--schtzengesellschaft-marktzeuln-6ed.de\/wp-content\/uploads\/2018\/08\/Download-File.pdf\">&gt;&gt;HIER&lt;&lt;<\/a><\/h3>\n","protected":false},"excerpt":{"rendered":"<p>Unser Vorderlader Preisschie\u00dfen am 15. und 16. September 2018 war wieder ein voller Erfolg 61 Sch\u00fctzen nahmen am heurigen Preisschie\u00dfen teil Nun bereits zum 33. Male haben wir Zeulner Sch\u00fctzen zum traditionellen Scheibenschie\u00dfen mit alten Vorderladergewehren eingeladen. Dabei sah man &hellip; <a href=\"https:\/\/xn--schtzengesellschaft-marktzeuln-6ed.de\/?page_id=725\">Weiterlesen <span class=\"meta-nav\">&rarr;<\/span><\/a><\/p>\n","protected":false},"author":1,"featured_media":0,"parent":0,"menu_order":0,"comment_status":"closed","ping_status":"closed","template":"onecolumn-page.php","meta":{"footnotes":""},"class_list":["post-725","page","type-page","status-publish","hentry"],"_links":{"self":[{"href":"https:\/\/xn--schtzengesellschaft-marktzeuln-6ed.de\/index.php?rest_route=\/wp\/v2\/pages\/725","targetHints":{"allow":["GET"]}}],"collection":[{"href":"https:\/\/xn--schtzengesellschaft-marktzeuln-6ed.de\/index.php?rest_route=\/wp\/v2\/pages"}],"about":[{"href":"https:\/\/xn--schtzengesellschaft-marktzeuln-6ed.de\/index.php?rest_route=\/wp\/v2\/types\/page"}],"author":[{"embeddable":true,"href":"https:\/\/xn--schtzengesellschaft-marktzeuln-6ed.de\/index.php?rest_route=\/wp\/v2\/users\/1"}],"replies":[{"embeddable":true,"href":"https:\/\/xn--schtzengesellschaft-marktzeuln-6ed.de\/index.php?rest_route=%2Fwp%2Fv2%2Fcomments&post=725"}],"version-history":[{"count":9,"href":"https:\/\/xn--schtzengesellschaft-marktzeuln-6ed.de\/index.php?rest_route=\/wp\/v2\/pages\/725\/revisions"}],"predecessor-version":[{"id":961,"href":"https:\/\/xn--schtzengesellschaft-marktzeuln-6ed.de\/index.php?rest_route=\/wp\/v2\/pages\/725\/revisions\/961"}],"wp:attachment":[{"href":"https:\/\/xn--schtzengesellschaft-marktzeuln-6ed.de\/index.php?rest_route=%2Fwp%2Fv2%2Fmedia&parent=725"}],"curies":[{"name":"wp","href":"https:\/\/api.w.org\/{rel}","templated":true}]}}